{"id":7931,"date":"2025-07-24T13:52:09","date_gmt":"2025-07-24T17:52:09","guid":{"rendered":"https:\/\/eriestclairparishes.com\/?page_id=7931"},"modified":"2026-02-24T07:14:38","modified_gmt":"2026-02-24T12:14:38","slug":"mass-times-2","status":"publish","type":"page","link":"https:\/\/eriestclairparishes.com\/francais\/mass-times-2\/","title":{"rendered":"Horaires des messes"},"content":{"rendered":"<div class=\"wp-block-cover\" style=\"min-height:207px;aspect-ratio:unset;\"><img data-recalc-dims=\"1\" loading=\"lazy\" decoding=\"async\" width=\"750\" height=\"375\" class=\"wp-block-cover__image-background wp-image-8030\" alt=\"\" src=\"https:\/\/i0.wp.com\/eriestclairparishes.com\/wp-content\/uploads\/2025\/07\/Eriestclair.png?resize=750%2C375&#038;ssl=1\" data-object-fit=\"cover\" srcset=\"https:\/\/i0.wp.com\/eriestclairparishes.com\/wp-content\/uploads\/2025\/07\/Eriestclair.png?resize=1024%2C512&amp;ssl=1 1024w, https:\/\/i0.wp.com\/eriestclairparishes.com\/wp-content\/uploads\/2025\/07\/Eriestclair.png?resize=300%2C150&amp;ssl=1 300w, https:\/\/i0.wp.com\/eriestclairparishes.com\/wp-content\/uploads\/2025\/07\/Eriestclair.png?resize=768%2C384&amp;ssl=1 768w, https:\/\/i0.wp.com\/eriestclairparishes.com\/wp-content\/uploads\/2025\/07\/Eriestclair.png?resize=1536%2C768&amp;ssl=1 1536w, https:\/\/i0.wp.com\/eriestclairparishes.com\/wp-content\/uploads\/2025\/07\/Eriestclair.png?resize=2048%2C1024&amp;ssl=1 2048w, https:\/\/i0.wp.com\/eriestclairparishes.com\/wp-content\/uploads\/2025\/07\/Eriestclair.png?resize=18%2C9&amp;ssl=1 18w, https:\/\/i0.wp.com\/eriestclairparishes.com\/wp-content\/uploads\/2025\/07\/Eriestclair.png?resize=1200%2C600&amp;ssl=1 1200w, https:\/\/i0.wp.com\/eriestclairparishes.com\/wp-content\/uploads\/2025\/07\/Eriestclair.png?resize=1568%2C784&amp;ssl=1 1568w, https:\/\/i0.wp.com\/eriestclairparishes.com\/wp-content\/uploads\/2025\/07\/Eriestclair.png?w=2250&amp;ssl=1 2250w\" sizes=\"auto, (max-width: 750px) 100vw, 750px\" \/><span aria-hidden=\"true\" class=\"wp-block-cover__background has-background-dim\"><\/span><div class=\"wp-block-cover__inner-container is-layout-flow wp-block-cover-is-layout-flow\">\n<p class=\"has-text-align-center has-large-font-size wp-block-paragraph\">\u00ab La valeur de la Sainte Messe est infinie. \u00bb<br>\u2013 St. Thomas Aquinas<\/p>\n<\/div><\/div>\n\n\n\n<p class=\"wp-block-paragraph\"><\/p>\n\n\n\n<h2 class=\"wp-block-heading\">Messes du fin de semaine<\/h2>\n\n\n\n<ul class=\"wp-block-list\">\n<li>Samedi<br>17h00 \u00e0\u00a0St. Francis Xavier \u2013 Tilbury.&nbsp;<br>17 h Immacul\u00e9e Conception \u2013 Pain Court \u2013 Anglais ou fran\u00e7ais en alternance selon le calendrier suivant ( An : Jan, Mars, Mai, Juillet, Sept &amp; Nov | Fr : F\u00e9v, Avr, Juin, Ao\u00fbt, Oct &amp; D\u00e9c)<\/li>\n\n\n\n<li>Dimanche<br>8h00 \u00e0 St Peter's - Jeannette's Creek\u00a0<a href=\"https:\/\/eriestclairparishes.com\/francais\/bilingual-youtube-mass-links\/\" target=\"_blank\" rel=\"noreferrer noopener\"><\/a>\u00a0<br>8h30 Fran\u00e7ais \u00e0 la paroisse de\u00a0la Visitation \u2013 Comber.\u00a0<br><strong>10:00\u00a0AM\u00a0<\/strong>St. Francis Xavier \u2013 Tilbury.\u00a0<a href=\"https:\/\/eriestclairparishes.com\/francais\/bilingual-youtube-mass-links\/\" target=\"_blank\" rel=\"noreferrer noopener\"><\/a>\u00a0<em>(new time)<\/em><br>10h30\u00a0Visitation Parish \u2013 Comber.\u00a0<br><strong>10:30\u00a0AM\u00a0<\/strong>Bilingual\u00a0Immacul\u00e9e Conception \u2013 Pain Court \u2013 English or French on alternating months as follows (Fr: Jan, Mar, May, July, Sept &amp; Nov | En: Feb, Apr, Jun, Aug, Oct &amp; Dec) <em>(new time)<\/em><\/li>\n<\/ul>\n\n\n\n<h2 class=\"wp-block-heading\">Messes en semaine<\/h2>\n\n\n\n<ul class=\"wp-block-list\">\n<li>Mardi<br>18h30 \u00e0 St. Peter's - Jeannette's Creek&nbsp;<br>18 h 30 \u00e0 St Francis Xavier \u2013 Tilbury<\/li>\n\n\n\n<li>Mercredi<br>8h30 Fran\u00e7ais \u00e0 Immacul\u00e9e Conception \u2013 Pain Court.&nbsp;<br>18h30 \u00e0 Visitation \u2013 Comber.<\/li>\n\n\n\n<li>Jeudi<br>8h30\u00a0\u00e0 Visitation \u2013 Comber.&nbsp;<br>18h30 \u00e0 Immacul\u00e9e Conception - Pain Court.<\/li>\n\n\n\n<li>Vendredi<br>8h30\u00a0AM\u00a0\u00e0 St. Francis Xavier \u2013 Tilbury.&nbsp;<br>12h00 Fran\u00e7ais \u00e0 Visitation - Comber<\/li>\n<\/ul>\n\n\n\n<h2 class=\"wp-block-heading\">Live Streaming<\/h2>\n\n\n\n<p class=\"wp-block-paragraph\"><a href=\"https:\/\/www.youtube.com\/@lakeseriest.claircatholicf9942\/streams\" data-type=\"link\" data-id=\"https:\/\/www.youtube.com\/@lakeseriest.claircatholicf9942\/streams\">Click here to be taking to our YouTube Channel.<\/a><\/p>\n\n\n\n<div class=\"wp-block-cover alignwide\" style=\"min-height:377px;aspect-ratio:unset;\"><img data-recalc-dims=\"1\" loading=\"lazy\" decoding=\"async\" width=\"750\" height=\"440\" class=\"wp-block-cover__image-background wp-image-7916\" alt=\"\" src=\"https:\/\/i0.wp.com\/eriestclairparishes.com\/wp-content\/uploads\/2025\/07\/Screenshot-2025-07-24-at-12.45.16-PM.png?resize=750%2C440&#038;ssl=1\" data-object-fit=\"cover\" srcset=\"https:\/\/i0.wp.com\/eriestclairparishes.com\/wp-content\/uploads\/2025\/07\/Screenshot-2025-07-24-at-12.45.16-PM.png?w=938&amp;ssl=1 938w, https:\/\/i0.wp.com\/eriestclairparishes.com\/wp-content\/uploads\/2025\/07\/Screenshot-2025-07-24-at-12.45.16-PM.png?resize=300%2C176&amp;ssl=1 300w, https:\/\/i0.wp.com\/eriestclairparishes.com\/wp-content\/uploads\/2025\/07\/Screenshot-2025-07-24-at-12.45.16-PM.png?resize=768%2C450&amp;ssl=1 768w, https:\/\/i0.wp.com\/eriestclairparishes.com\/wp-content\/uploads\/2025\/07\/Screenshot-2025-07-24-at-12.45.16-PM.png?resize=18%2C12&amp;ssl=1 18w\" sizes=\"auto, (max-width: 750px) 100vw, 750px\" \/><span aria-hidden=\"true\" class=\"wp-block-cover__background has-background-dim\"><\/span><div class=\"wp-block-cover__inner-container is-layout-flow wp-block-cover-is-layout-flow\">\n<p class=\"has-text-align-center has-large-font-size wp-block-paragraph\"><strong><span style=\"text-decoration: underline;\">Notre bureau principal<\/span><\/strong><\/p>\n\n\n\n<p class=\"has-text-align-center wp-block-paragraph\"><strong>Lieu<\/strong>: Paroisse de la Visitation<br><strong>Heures:&nbsp;<\/strong>Du lundi au jeudi de 9h00 \u00e0 12h00 et de 13h00 \u00e0 16h00<br><strong>T\u00e9l\u00e9phone:<\/strong>&nbsp;(519) 687-3118<br><strong>Courriel<\/strong>: ErieStClairParishes@dol.ca<\/p>\n<\/div><\/div>\n\n\n\n<p class=\"has-text-align-center wp-block-paragraph\"><\/p>\n\n\n\n<p class=\"wp-block-paragraph\"><\/p>","protected":false},"excerpt":{"rendered":"<p>Weekend Mass Schedule Daily Mass Schedule Live Streaming Click here to be taking to our YouTube Channel.<\/p>","protected":false},"author":253314130,"featured_media":0,"parent":0,"menu_order":0,"comment_status":"closed","ping_status":"closed","template":"","meta":{"_coblocks_attr":"","_coblocks_dimensions":"","_coblocks_responsive_height":"","_coblocks_accordion_ie_support":"","_crdt_document":"","advanced_seo_description":"","jetpack_seo_html_title":"","jetpack_seo_noindex":false,"jetpack_post_was_ever_published":false,"footnotes":""},"class_list":["post-7931","page","type-page","status-publish","hentry","entry"],"jetpack_likes_enabled":true,"jetpack_sharing_enabled":true,"jetpack_shortlink":"https:\/\/wp.me\/P4Kgvq-23V","jetpack-related-posts":[],"_links":{"self":[{"href":"https:\/\/eriestclairparishes.com\/francais\/wp-json\/wp\/v2\/pages\/7931","targetHints":{"allow":["GET"]}}],"collection":[{"href":"https:\/\/eriestclairparishes.com\/francais\/wp-json\/wp\/v2\/pages"}],"about":[{"href":"https:\/\/eriestclairparishes.com\/francais\/wp-json\/wp\/v2\/types\/page"}],"author":[{"embeddable":true,"href":"https:\/\/eriestclairparishes.com\/francais\/wp-json\/wp\/v2\/users\/253314130"}],"replies":[{"embeddable":true,"href":"https:\/\/eriestclairparishes.com\/francais\/wp-json\/wp\/v2\/comments?post=7931"}],"version-history":[{"count":8,"href":"https:\/\/eriestclairparishes.com\/francais\/wp-json\/wp\/v2\/pages\/7931\/revisions"}],"predecessor-version":[{"id":9136,"href":"https:\/\/eriestclairparishes.com\/francais\/wp-json\/wp\/v2\/pages\/7931\/revisions\/9136"}],"wp:attachment":[{"href":"https:\/\/eriestclairparishes.com\/francais\/wp-json\/wp\/v2\/media?parent=7931"}],"curies":[{"name":"wp","href":"https:\/\/api.w.org\/{rel}","templated":true}]}}