{"id":5868,"date":"2024-08-26T15:18:40","date_gmt":"2024-08-26T19:18:40","guid":{"rendered":"https:\/\/eriestclairparishes.com\/?page_id=5868"},"modified":"2025-09-08T22:18:18","modified_gmt":"2025-09-09T02:18:18","slug":"cwl-merlin","status":"publish","type":"page","link":"https:\/\/eriestclairparishes.com\/francais\/cwl-merlin\/","title":{"rendered":"LFC - Merlin"},"content":{"rendered":"<h2 class=\"wp-block-heading\">Ligue catholique f\u00e9minine Merlin<\/h2>\n\n\n\n<ul class=\"wp-block-list\">\n<li><strong>Ligue des femmes catholiques du Canada<\/strong> The objectives of the League shall be to unite the Catholic women of Canada:<br>1. to achieve individual and collective spiritual development<br>2. promouvoir les enseignements de l'\u00c9glise catholique<br>3. donner l'exemple de l'id\u00e9al chr\u00e9tien \u00e0 la maison et dans la vie de famille<br>4. prot\u00e9ger le caract\u00e8re sacr\u00e9 de la vie<br>5. renforcer le r\u00f4le des femmes dans l'\u00c9glise et la soci\u00e9t\u00e9<br>6. reconna\u00eetre la dignit\u00e9 humaine de toutes les personnes en tous lieux<br>7. soutenir et d\u00e9fendre l'\u00e9ducation et les valeurs chr\u00e9tiennes dans le monde moderne<br>8. contribuer \u00e0 la compr\u00e9hension et au d\u00e9veloppement de la libert\u00e9 religieuse, de la justice sociale, de la paix et de l'harmonie <strong>Conseil de Saint-Patrick\u00a0<\/strong>of the Catholic Women\u2019s League of Canada\u00a0has been an integral part of the Merlin community and beyond for over 100 years. We continue to fulfill the objectives of the League, promoting faith, service and social justice. <strong>Les r\u00e9unions se tiennent g\u00e9n\u00e9ralement le troisi\u00e8me mardi de chaque mois.<\/strong>\u00a0Les femmes, \u00e2g\u00e9es de 16 ans et plus, sont les bienvenues.<br><br>Pour plus d'informations sur le Conseil de Saint-Patrick, contactez l'\u00e9glise et le sanctuaire de Saint-Patrick :<br>courriel -<strong><a href=\"mailto:stpatmerlin@dol.ca\">stpatmerlin@dol.ca<\/a><\/strong>;<br>t\u00e9l\u00e9phone - 519-689-7760 ou contacter n'importe quel membre.<strong>Pr\u00e9sident : Christine Drew<br>Secr\u00e9taire : Susanne Drew<br>Tr\u00e9sorier : Joan Authier<\/strong><\/li>\n<\/ul>","protected":false},"excerpt":{"rendered":"<p>Ligue catholique f\u00e9minine Merlin<\/p>","protected":false},"author":253314130,"featured_media":0,"parent":0,"menu_order":0,"comment_status":"closed","ping_status":"closed","template":"","meta":{"_coblocks_attr":"","_coblocks_dimensions":"","_coblocks_responsive_height":"","_coblocks_accordion_ie_support":"","_crdt_document":"","advanced_seo_description":"","jetpack_seo_html_title":"","jetpack_seo_noindex":false,"jetpack_post_was_ever_published":false,"footnotes":""},"class_list":["post-5868","page","type-page","status-publish","hentry","entry"],"jetpack_likes_enabled":true,"jetpack_sharing_enabled":true,"jetpack_shortlink":"https:\/\/wp.me\/P4Kgvq-1wE","jetpack-related-posts":[],"_links":{"self":[{"href":"https:\/\/eriestclairparishes.com\/francais\/wp-json\/wp\/v2\/pages\/5868","targetHints":{"allow":["GET"]}}],"collection":[{"href":"https:\/\/eriestclairparishes.com\/francais\/wp-json\/wp\/v2\/pages"}],"about":[{"href":"https:\/\/eriestclairparishes.com\/francais\/wp-json\/wp\/v2\/types\/page"}],"author":[{"embeddable":true,"href":"https:\/\/eriestclairparishes.com\/francais\/wp-json\/wp\/v2\/users\/253314130"}],"replies":[{"embeddable":true,"href":"https:\/\/eriestclairparishes.com\/francais\/wp-json\/wp\/v2\/comments?post=5868"}],"version-history":[{"count":3,"href":"https:\/\/eriestclairparishes.com\/francais\/wp-json\/wp\/v2\/pages\/5868\/revisions"}],"predecessor-version":[{"id":8415,"href":"https:\/\/eriestclairparishes.com\/francais\/wp-json\/wp\/v2\/pages\/5868\/revisions\/8415"}],"wp:attachment":[{"href":"https:\/\/eriestclairparishes.com\/francais\/wp-json\/wp\/v2\/media?parent=5868"}],"curies":[{"name":"wp","href":"https:\/\/api.w.org\/{rel}","templated":true}]}}