{"id":5467,"date":"2024-07-31T11:39:24","date_gmt":"2024-07-31T15:39:24","guid":{"rendered":"https:\/\/eriestclairparishes.com\/?page_id=5467"},"modified":"2024-08-07T14:12:23","modified_gmt":"2024-08-07T18:12:23","slug":"ladies-of-st-anne","status":"publish","type":"page","link":"https:\/\/eriestclairparishes.com\/francais\/ladies-of-st-anne\/","title":{"rendered":"Ladies of St. Anne \/ Dames Ste-Anne"},"content":{"rendered":"<p class=\"wp-block-paragraph\"><\/p>\n\n\n\n<div class=\"wp-block-media-text is-stacked-on-mobile\" style=\"grid-template-columns:27% auto\"><figure class=\"wp-block-media-text__media\"><img data-recalc-dims=\"1\" loading=\"lazy\" decoding=\"async\" width=\"460\" height=\"648\" src=\"https:\/\/i0.wp.com\/eriestclairparishes.com\/wp-content\/uploads\/2024\/07\/st-anne.jpeg?resize=460%2C648&#038;ssl=1\" alt=\"\" class=\"wp-image-5490 size-full\" \/><\/figure><div class=\"wp-block-media-text__content\">\n<p class=\"wp-block-paragraph\"><strong><span style=\"text-decoration: underline\">Comit\u00e9 ex\u00e9cutif:<\/span><\/strong><br><br><strong>Pr\u00e9sident:<\/strong>&nbsp;Linda Lachapelle\u00a0(519-351-2206)<br><strong>Vice-pr\u00e9sident:<\/strong>&nbsp;Marie-Jeanne Alexandre (519-352-6913)<br><strong>Secr\u00e9taire:<\/strong>&nbsp;Grace Cole<br><strong>Tr\u00e9sori\u00e8re:&nbsp;<\/strong>Darlene Raaymakers \/ Angela Roy<\/p>\n<\/div><\/div>\n\n\n\n<p class=\"wp-block-paragraph\">La Soci\u00e9t\u00e9 des dames de Sainte-Anne est une groupe de service social actif \u00e0 Pain Court depuis plus de cent ans (fond\u00e9e en 1915). Les Dames continuent de soutenir financi\u00e8rement la paroisse, les \u00e9coles et la communaut\u00e9 gr\u00e2ce aux recettes des bingos, des soupers de poulet et de sliders, des ventes de p\u00e2tisseries, des tombolas et d'autres projets de collecte de fonds. Plusieurs membres d\u00e9vou\u00e9s servent \u00e9galement un d\u00e9jeuner apr\u00e8s les fun\u00e9railles dans la paroisse.<\/p>\n\n\n\n<p class=\"wp-block-paragraph\">Les \u00e9v\u00e9nements \u00e0 venir des Dames de Sainte-Anne seront affich\u00e9s sur ce site Web. Un d\u00eener de travail est organis\u00e9 quatre fois par an. Les femmes de tous \u00e2ges de la paroisse sont chaleureusement invit\u00e9es \u00e0 se joindre au groupe. Si vous \u00eates int\u00e9ress\u00e9es ou si vous avez des questions, veuillez communiquer avec l'un des membres du comit\u00e9 ex\u00e9cutif.<\/p>\n\n\n\n<p class=\"wp-block-paragraph\"><\/p>","protected":false},"excerpt":{"rendered":"<p>Executive Committee: President:&nbsp;Linda Lachapelle&nbsp;(519-351-2206)Vice President:&nbsp;Marie-Jeanne Alexandre (519-352-6913)Secretary:&nbsp;Grace ColeTreasurer:&nbsp;Darlene Raaymakers \/ Angela Roy The Society of the Ladies of Ste-Anne has been an active social service group in Pain Court for over&nbsp;one hundred years (founded in 1915). The Ladies continue to help financially support the parish, schools and community with proceeds from bingos, chicken and sliders<a class=\"more-link\" href=\"https:\/\/eriestclairparishes.com\/francais\/ladies-of-st-anne\/\">Lire la suite <span class=\"screen-reader-text\">&#8220;Ladies of St. Anne \/ Dames Ste-Anne&#8221;<\/span><\/a><\/p>","protected":false},"author":253314130,"featured_media":0,"parent":0,"menu_order":0,"comment_status":"closed","ping_status":"closed","template":"","meta":{"_coblocks_attr":"","_coblocks_dimensions":"","_coblocks_responsive_height":"","_coblocks_accordion_ie_support":"","_crdt_document":"","advanced_seo_description":"","jetpack_seo_html_title":"","jetpack_seo_noindex":false,"footnotes":""},"class_list":["post-5467","page","type-page","status-publish","hentry","entry"],"jetpack_likes_enabled":true,"jetpack_sharing_enabled":true,"jetpack_shortlink":"https:\/\/wp.me\/P4Kgvq-1qb","jetpack-related-posts":[],"_links":{"self":[{"href":"https:\/\/eriestclairparishes.com\/francais\/wp-json\/wp\/v2\/pages\/5467","targetHints":{"allow":["GET"]}}],"collection":[{"href":"https:\/\/eriestclairparishes.com\/francais\/wp-json\/wp\/v2\/pages"}],"about":[{"href":"https:\/\/eriestclairparishes.com\/francais\/wp-json\/wp\/v2\/types\/page"}],"author":[{"embeddable":true,"href":"https:\/\/eriestclairparishes.com\/francais\/wp-json\/wp\/v2\/users\/253314130"}],"replies":[{"embeddable":true,"href":"https:\/\/eriestclairparishes.com\/francais\/wp-json\/wp\/v2\/comments?post=5467"}],"version-history":[{"count":3,"href":"https:\/\/eriestclairparishes.com\/francais\/wp-json\/wp\/v2\/pages\/5467\/revisions"}],"predecessor-version":[{"id":5688,"href":"https:\/\/eriestclairparishes.com\/francais\/wp-json\/wp\/v2\/pages\/5467\/revisions\/5688"}],"wp:attachment":[{"href":"https:\/\/eriestclairparishes.com\/francais\/wp-json\/wp\/v2\/media?parent=5467"}],"curies":[{"name":"wp","href":"https:\/\/api.w.org\/{rel}","templated":true}]}}