{"id":5466,"date":"2024-07-31T11:39:22","date_gmt":"2024-07-31T15:39:22","guid":{"rendered":"https:\/\/eriestclairparishes.com\/?page_id=5466"},"modified":"2026-01-24T09:12:27","modified_gmt":"2026-01-24T14:12:27","slug":"st-vincent-de-paul","status":"publish","type":"page","link":"https:\/\/eriestclairparishes.com\/francais\/st-vincent-de-paul\/","title":{"rendered":"St. Vincent de Paul"},"content":{"rendered":"<ul class=\"wp-block-list\">\n<li>The Society of St. Vincent de paul is now &#8220;Erie St Clair St. Vincent de Paul&#8221;.<br>La conf\u00e9rence St. Francis est devenue la conf\u00e9rence Erie St. Clair St. Vincent de Paul le 1er janvier 2022 afin de mieux refl\u00e9ter le travail qu'elle accomplit depuis de nombreuses ann\u00e9es pour inclure toute la zone g\u00e9ographique des quatre paroisses et des sanctuaires, du lac \u00c9ri\u00e9 au lac Ste. Claire<br><br>It is important that we have active members from all four parish sites and the Shrine community in our conference, with ears to the ground and eyes wide open, recognizing and referring those in need to our conference.<br><br>We do not have a storefront, we do not run a food bank, we do not have soup kitchens (at least not at this time).<br>We do\u00a0help people regardless of religion or politics when in need just as St. Vincent de Paul did. We are not an evengelical group, yet we recognize and serve the Lord and ask for intercesion of our saints as we do the work of loving our neighbours.<br><br>Nous sommes l'une des rares conf\u00e9rences \u00e0 rendre visite aux infirmes et aux personnes seules, en toute s\u00e9curit\u00e9, conform\u00e9ment aux protocoles de s\u00e9curit\u00e9 du dioc\u00e8se de Londres et aux directives provinciales et nationales de la Soci\u00e9t\u00e9 de Saint-Vincent de Paul (SSVDP).\u00a0<br><br>If you would like more information, to give a referral or to become an involved member:<br>Veuillez nous contacter en appelant le\u00a0<strong>bureau de la paroisse au (519) 687-3118<br>Courriel \u00e0 ErieStClairSSVDP@gmail.com<\/strong><\/li>\n<\/ul>","protected":false},"excerpt":{"rendered":"","protected":false},"author":253314130,"featured_media":0,"parent":0,"menu_order":0,"comment_status":"closed","ping_status":"closed","template":"","meta":{"_coblocks_attr":"","_coblocks_dimensions":"","_coblocks_responsive_height":"","_coblocks_accordion_ie_support":"","_crdt_document":"","advanced_seo_description":"","jetpack_seo_html_title":"","jetpack_seo_noindex":false,"footnotes":""},"class_list":["post-5466","page","type-page","status-publish","hentry","entry"],"jetpack_likes_enabled":true,"jetpack_sharing_enabled":true,"jetpack_shortlink":"https:\/\/wp.me\/P4Kgvq-1qa","jetpack-related-posts":[],"_links":{"self":[{"href":"https:\/\/eriestclairparishes.com\/francais\/wp-json\/wp\/v2\/pages\/5466","targetHints":{"allow":["GET"]}}],"collection":[{"href":"https:\/\/eriestclairparishes.com\/francais\/wp-json\/wp\/v2\/pages"}],"about":[{"href":"https:\/\/eriestclairparishes.com\/francais\/wp-json\/wp\/v2\/types\/page"}],"author":[{"embeddable":true,"href":"https:\/\/eriestclairparishes.com\/francais\/wp-json\/wp\/v2\/users\/253314130"}],"replies":[{"embeddable":true,"href":"https:\/\/eriestclairparishes.com\/francais\/wp-json\/wp\/v2\/comments?post=5466"}],"version-history":[{"count":8,"href":"https:\/\/eriestclairparishes.com\/francais\/wp-json\/wp\/v2\/pages\/5466\/revisions"}],"predecessor-version":[{"id":9009,"href":"https:\/\/eriestclairparishes.com\/francais\/wp-json\/wp\/v2\/pages\/5466\/revisions\/9009"}],"wp:attachment":[{"href":"https:\/\/eriestclairparishes.com\/francais\/wp-json\/wp\/v2\/media?parent=5466"}],"curies":[{"name":"wp","href":"https:\/\/api.w.org\/{rel}","templated":true}]}}