{"id":5453,"date":"2024-07-31T10:30:21","date_gmt":"2024-07-31T14:30:21","guid":{"rendered":"https:\/\/eriestclairparishes.com\/?page_id=5453"},"modified":"2025-07-29T11:19:26","modified_gmt":"2025-07-29T15:19:26","slug":"locations-for-mass-confession-adoration","status":"publish","type":"page","link":"https:\/\/eriestclairparishes.com\/francais\/locations-for-mass-confession-adoration\/","title":{"rendered":"Nos paroisses"},"content":{"rendered":"<h4 class=\"wp-block-heading\"><strong><span style=\"text-decoration: underline;\">&nbsp;Immacul\u00e9e Conception &amp; Saint-Philippe Parish<\/span><\/strong><\/h4>\n\n\n<div class=\"wp-block-image\">\n<figure class=\"aligncenter size-full is-resized\"><a href=\"https:\/\/i0.wp.com\/eriestclairparishes.com\/wp-content\/uploads\/2025\/07\/Screenshot-2025-07-29-at-11.16.00-AM.png?ssl=1\"><img data-recalc-dims=\"1\" loading=\"lazy\" decoding=\"async\" width=\"581\" height=\"436\" src=\"https:\/\/i0.wp.com\/eriestclairparishes.com\/wp-content\/uploads\/2025\/07\/Screenshot-2025-07-29-at-11.16.00-AM-edited.png?resize=581%2C436&#038;ssl=1\" alt=\"View of Immacul\u00e9e Conception Church in Pain Court, featuring a red brick facade, tall spires, and surrounding greenery.\" class=\"wp-image-8084\" style=\"aspect-ratio:1.1529667182483774;width:510px;height:auto\" srcset=\"https:\/\/i0.wp.com\/eriestclairparishes.com\/wp-content\/uploads\/2025\/07\/Screenshot-2025-07-29-at-11.16.00-AM-edited.png?w=581&amp;ssl=1 581w, https:\/\/i0.wp.com\/eriestclairparishes.com\/wp-content\/uploads\/2025\/07\/Screenshot-2025-07-29-at-11.16.00-AM-edited.png?resize=300%2C225&amp;ssl=1 300w, https:\/\/i0.wp.com\/eriestclairparishes.com\/wp-content\/uploads\/2025\/07\/Screenshot-2025-07-29-at-11.16.00-AM-edited.png?resize=16%2C12&amp;ssl=1 16w, https:\/\/i0.wp.com\/eriestclairparishes.com\/wp-content\/uploads\/2025\/07\/Screenshot-2025-07-29-at-11.16.00-AM-edited.png?resize=400%2C300&amp;ssl=1 400w, https:\/\/i0.wp.com\/eriestclairparishes.com\/wp-content\/uploads\/2025\/07\/Screenshot-2025-07-29-at-11.16.00-AM-edited.png?resize=200%2C150&amp;ssl=1 200w\" sizes=\"auto, (max-width: 581px) 100vw, 581px\" \/><\/a><\/figure>\n<\/div>\n\n\n<p class=\"wp-block-paragraph\"><strong><span style=\"text-decoration: underline\">Histoire<\/span>:<\/strong> L'histoire de la paroisse de l'Immacul\u00e9e Conception \u00e0 Pain Court est \u00e9troitement li\u00e9e \u00e0 celle de la paroisse Saint-Pierre, dont elle fut d'abord la mission. Fond\u00e9e en 1853, la premi\u00e8re \u00e9glise, d\u00e9di\u00e9e \u00e0 Saint Joseph, a \u00e9t\u00e9 construite sous la direction du P\u00e8re Raynel. Apr\u00e8s la destruction de la premi\u00e8re \u00e9glise par un incendie en 1874, une nouvelle \u00e9glise en briques a \u00e9t\u00e9 construite. Au fil du temps, plusieurs pr\u00eatres ont contribu\u00e9 au d\u00e9veloppement de la paroisse, notamment \u00e0 la construction d'un couvent et d'une nouvelle \u00e9cole. L'\u00e9glise actuelle, construite en 1937 apr\u00e8s un nouvel incendie, a \u00e9t\u00e9 b\u00e9nie par l'\u00e9v\u00eaque Kidd. Malgr\u00e9 les difficult\u00e9s, la paroisse a conserv\u00e9 sa langue et sa culture fran\u00e7aises. L'\u00e9glise a subi d'importantes r\u00e9novations en 1999 et la paroisse a c\u00e9l\u00e9br\u00e9 son 150e anniversaire en 2004.<\/p>\n\n\n\n<hr class=\"wp-block-separator has-alpha-channel-opacity is-style-wide\"\/>\n\n\n\n<div class=\"wp-block-group\"><div class=\"wp-block-group__inner-container is-layout-constrained wp-block-group-is-layout-constrained\">\n<h4 class=\"wp-block-heading\"><span style=\"text-decoration: underline;\">St. Francis Xavier<\/span><\/h4>\n\n\n<div class=\"wp-block-image\">\n<figure class=\"aligncenter size-full is-resized\"><a href=\"https:\/\/i0.wp.com\/eriestclairparishes.com\/wp-content\/uploads\/2025\/07\/Screenshot-2025-07-29-at-11.18.18-AM.png?ssl=1\"><img data-recalc-dims=\"1\" loading=\"lazy\" decoding=\"async\" width=\"750\" height=\"500\" src=\"https:\/\/i0.wp.com\/eriestclairparishes.com\/wp-content\/uploads\/2025\/07\/Screenshot-2025-07-29-at-11.18.18-AM-edited.png?resize=750%2C500&#038;ssl=1\" alt=\"Facade of a historic brick church featuring tall pointed towers, arched windows, and decorative elements, surrounded by green landscaping.\" class=\"wp-image-8088\" style=\"aspect-ratio:1.5008117371174312;width:639px;height:auto\" srcset=\"https:\/\/i0.wp.com\/eriestclairparishes.com\/wp-content\/uploads\/2025\/07\/Screenshot-2025-07-29-at-11.18.18-AM-edited.png?w=968&amp;ssl=1 968w, https:\/\/i0.wp.com\/eriestclairparishes.com\/wp-content\/uploads\/2025\/07\/Screenshot-2025-07-29-at-11.18.18-AM-edited.png?resize=300%2C200&amp;ssl=1 300w, https:\/\/i0.wp.com\/eriestclairparishes.com\/wp-content\/uploads\/2025\/07\/Screenshot-2025-07-29-at-11.18.18-AM-edited.png?resize=768%2C512&amp;ssl=1 768w, https:\/\/i0.wp.com\/eriestclairparishes.com\/wp-content\/uploads\/2025\/07\/Screenshot-2025-07-29-at-11.18.18-AM-edited.png?resize=18%2C12&amp;ssl=1 18w\" sizes=\"auto, (max-width: 750px) 100vw, 750px\" \/><\/a><\/figure>\n<\/div>\n\n\n<p class=\"wp-block-paragraph\"><strong><span style=\"text-decoration: underline\">Histoire<\/span>: <\/strong>En 1855, apr\u00e8s dix ans de c\u00e9l\u00e9bration des sacrements dans les maisons des fid\u00e8les, M. Fran\u00e7ois Xavier Lanoue fait don de cinq acres de terrain pour la construction d'une chapelle, puis de la premi\u00e8re \u00e9glise paroissiale, sur Middle Road, nomm\u00e9e en l'honneur de son saint patron. Avec le d\u00e9veloppement de l'habitat, la paroisse de 300 familles trouva bient\u00f4t l'\u00e9glise trop petite. Le site propos\u00e9 pour la nouvelle \u00e9glise se trouvait dans le village. Au printemps 1895, l'\u00e9glise fut achev\u00e9e et ouverte au culte public. En 1910, d'\u00e9l\u00e9gants autels ont remplac\u00e9 les autels provisoires, et un orgue exceptionnel \u00e0 deux claviers a \u00e9t\u00e9 install\u00e9 en 1923. En 2005, St. Francis Xavier a f\u00eat\u00e9 ses 150 ans de foi.<\/p>\n\n\n\n<hr class=\"wp-block-separator has-alpha-channel-opacity is-style-wide\"\/>\n<\/div><\/div>\n\n\n\n<h4 class=\"wp-block-heading\"><span style=\"text-decoration: underline;\">Paroisse de la Visitation<\/span><\/h4>\n\n\n<div class=\"wp-block-image\">\n<figure class=\"aligncenter size-full is-resized\"><a href=\"https:\/\/i0.wp.com\/eriestclairparishes.com\/wp-content\/uploads\/2025\/07\/Screenshot-2025-07-24-at-12.45.16-PM.png?ssl=1\"><img data-recalc-dims=\"1\" loading=\"lazy\" decoding=\"async\" width=\"750\" height=\"440\" src=\"https:\/\/i0.wp.com\/eriestclairparishes.com\/wp-content\/uploads\/2025\/07\/Screenshot-2025-07-24-at-12.45.16-PM.png?resize=750%2C440&#038;ssl=1\" alt=\"Exterior view of a modern brick church building with a green roof and large arched windows, set against a blue sky and grassy foreground.\" class=\"wp-image-7916\" style=\"aspect-ratio:1.705500512470106;width:569px;height:auto\" srcset=\"https:\/\/i0.wp.com\/eriestclairparishes.com\/wp-content\/uploads\/2025\/07\/Screenshot-2025-07-24-at-12.45.16-PM.png?w=938&amp;ssl=1 938w, https:\/\/i0.wp.com\/eriestclairparishes.com\/wp-content\/uploads\/2025\/07\/Screenshot-2025-07-24-at-12.45.16-PM.png?resize=300%2C176&amp;ssl=1 300w, https:\/\/i0.wp.com\/eriestclairparishes.com\/wp-content\/uploads\/2025\/07\/Screenshot-2025-07-24-at-12.45.16-PM.png?resize=768%2C450&amp;ssl=1 768w, https:\/\/i0.wp.com\/eriestclairparishes.com\/wp-content\/uploads\/2025\/07\/Screenshot-2025-07-24-at-12.45.16-PM.png?resize=18%2C12&amp;ssl=1 18w\" sizes=\"auto, (max-width: 750px) 100vw, 750px\" \/><\/a><\/figure>\n<\/div>\n\n\n<p class=\"wp-block-paragraph\"><strong><span style=\"text-decoration: underline\">Histoire<\/span>:<\/strong> En 2002, le conseil consultatif a d\u00e9cid\u00e9 de rester en place pour assurer la continuit\u00e9 de la construction d'une nouvelle \u00e9glise. Apr\u00e8s avoir \u00e9valu\u00e9 plusieurs sites, six acres donn\u00e9s par la famille Reaume ont \u00e9t\u00e9 choisis pour l'\u00e9glise, avec des plans approuv\u00e9s par le dioc\u00e8se et des autorisations municipales en attente. Malgr\u00e9 les contestations juridiques et la division de la communaut\u00e9, les efforts de collecte de fonds ont commenc\u00e9, et plus de 900 000 $ ont \u00e9t\u00e9 recueillis. La Commission des affaires municipales de l'Ontario a approuv\u00e9 une modification du r\u00e8glement de zonage en 2004 et, en 2005, un pr\u00eat couvrant la moiti\u00e9 du co\u00fbt de la construction a \u00e9t\u00e9 obtenu. Le site a \u00e9t\u00e9 b\u00e9ni en d\u00e9cembre 2005 et l'\u00e9glise devrait \u00eatre achev\u00e9e pour No\u00ebl 2006.<\/p>\n\n\n\n<hr class=\"wp-block-separator has-alpha-channel-opacity is-style-wide\"\/>\n\n\n\n<h4 class=\"wp-block-heading\"><span style=\"text-decoration: underline;\">Saint-Pierre sur la Thames<\/span><\/h4>\n\n\n<div class=\"wp-block-image\">\n<figure class=\"aligncenter size-full is-resized\"><a href=\"https:\/\/i0.wp.com\/eriestclairparishes.com\/wp-content\/uploads\/2024\/07\/screenshot-2024-07-17-at-1.35.06e280afpm.png?ssl=1\"><img data-recalc-dims=\"1\" loading=\"lazy\" decoding=\"async\" width=\"750\" height=\"758\" src=\"https:\/\/i0.wp.com\/eriestclairparishes.com\/wp-content\/uploads\/2024\/07\/screenshot-2024-07-17-at-1.35.06e280afpm.png?resize=750%2C758&#038;ssl=1\" alt=\"\u00c9glise St. Peter's avec une tour carr\u00e9e et un panneau d'accueil, situ\u00e9e dans une r\u00e9gion rurale.\" class=\"wp-image-5264\" style=\"aspect-ratio:0.9900440284003015;width:324px;height:auto\"\/><\/a><\/figure>\n<\/div>\n\n\n<p class=\"wp-block-paragraph\"><strong><span style=\"text-decoration: underline\">Histoire<\/span>:<\/strong> L'\u00c9glise de Saint Peter's est un centre religieux important pour une communaut\u00e9 Franco-Ontarienne dynamique du sud-ouest de l'Ontario. Construite en 1896 par les paroissiens, elle a remplac\u00e9 une \u00e9glise plus ancienne qui avait \u00e9t\u00e9 d\u00e9truite par un incendie l'ann\u00e9e pr\u00e9c\u00e9dente. L'\u00e9glise, situ\u00e9e dans une zone rurale surplombant la rivi\u00e8re Thames, se distingue par sa haute tour carr\u00e9e, sont cloch\u00e9s spirale et son briquetage complexe. \u00c0 l'int\u00e9rieur, l'\u00e9glise est orn\u00e9e de 18 peintures eccl\u00e9siastiques cr\u00e9\u00e9es en 1920 par l'artiste franco-canadien Marie Joseph Georges Delfosse, r\u00e9put\u00e9 pour ses \u0153uvres religieuses et historiques.<\/p>\n\n\n\n<p class=\"wp-block-paragraph\"><\/p>","protected":false},"excerpt":{"rendered":"<p>&nbsp;Immacul\u00e9e Conception &amp; Saint-Philippe Parish History: The history of Immacul\u00e9e Conception parish in Pain Court is closely tied to St. Peter\u2019s parish, initially serving as its mission. Founded in 1853, the first church, dedicated to Saint Joseph, was built under Father Raynel. After the first church was destroyed by fire in 1874, a new brick<a class=\"more-link\" href=\"https:\/\/eriestclairparishes.com\/francais\/locations-for-mass-confession-adoration\/\">Lire la suite <span class=\"screen-reader-text\">&#8220;Our Parishes&#8221;<\/span><\/a><\/p>","protected":false},"author":253314130,"featured_media":0,"parent":0,"menu_order":0,"comment_status":"closed","ping_status":"closed","template":"","meta":{"_coblocks_attr":"","_coblocks_dimensions":"","_coblocks_responsive_height":"","_coblocks_accordion_ie_support":"","_crdt_document":"","advanced_seo_description":"","jetpack_seo_html_title":"","jetpack_seo_noindex":false,"footnotes":""},"class_list":["post-5453","page","type-page","status-publish","hentry","entry"],"jetpack_likes_enabled":true,"jetpack_sharing_enabled":true,"jetpack_shortlink":"https:\/\/wp.me\/P4Kgvq-1pX","jetpack-related-posts":[],"_links":{"self":[{"href":"https:\/\/eriestclairparishes.com\/francais\/wp-json\/wp\/v2\/pages\/5453","targetHints":{"allow":["GET"]}}],"collection":[{"href":"https:\/\/eriestclairparishes.com\/francais\/wp-json\/wp\/v2\/pages"}],"about":[{"href":"https:\/\/eriestclairparishes.com\/francais\/wp-json\/wp\/v2\/types\/page"}],"author":[{"embeddable":true,"href":"https:\/\/eriestclairparishes.com\/francais\/wp-json\/wp\/v2\/users\/253314130"}],"replies":[{"embeddable":true,"href":"https:\/\/eriestclairparishes.com\/francais\/wp-json\/wp\/v2\/comments?post=5453"}],"version-history":[{"count":17,"href":"https:\/\/eriestclairparishes.com\/francais\/wp-json\/wp\/v2\/pages\/5453\/revisions"}],"predecessor-version":[{"id":8090,"href":"https:\/\/eriestclairparishes.com\/francais\/wp-json\/wp\/v2\/pages\/5453\/revisions\/8090"}],"wp:attachment":[{"href":"https:\/\/eriestclairparishes.com\/francais\/wp-json\/wp\/v2\/media?parent=5453"}],"curies":[{"name":"wp","href":"https:\/\/api.w.org\/{rel}","templated":true}]}}