{"id":5438,"date":"2024-07-31T10:18:16","date_gmt":"2024-07-31T14:18:16","guid":{"rendered":"https:\/\/eriestclairparishes.com\/?page_id=5438"},"modified":"2024-07-31T10:18:47","modified_gmt":"2024-07-31T14:18:47","slug":"youth-organizations","status":"publish","type":"page","link":"https:\/\/eriestclairparishes.com\/francais\/youth-organizations\/","title":{"rendered":"Les organisations de jeunesse au sein de notre famille de paroisses"},"content":{"rendered":"<\/p>\n<header class=\"entry-header responsive-max-width\">\n<h4 class=\"entry-title\"><span style=\"text-decoration: underline\">Les \u00e9cuy\u00e8res de Marie<\/span><\/h4>\n<\/header>\n<div class=\"entry-content\">\n<h4><b><img data-recalc-dims=\"1\" loading=\"lazy\" decoding=\"async\" class=\"wp-image-743 alignleft\" role=\"button\" src=\"https:\/\/i0.wp.com\/eriestclairparishes.com\/wp-content\/uploads\/2018\/10\/squiretteslogo.jpg?resize=191%2C198&#038;ssl=1\" alt=\"squiretteslogo\" width=\"191\" height=\"198\" \/>Qui sommes-nous ?<\/b><\/h4>\n<p>Les \u00c9cureuils de Marie est un groupe de filles catholiques pour les jeunes filles \u00e2g\u00e9es de 11 \u00e0 18 ans. Notre cercle est parrain\u00e9 par notre CWL local.<\/p>\n<p>Le programme Squirette a \u00e9t\u00e9 fond\u00e9 par le p\u00e8re Michael Keane, p\u00e8re prieur du cercle des Squires colombiens de l'Immacul\u00e9e Conception \u00e0 Colton, en Californie. Le P\u00e8re Keane pensait qu'il devait y avoir un groupe comparable pour les filles catholiques, comme il y en avait pour les gar\u00e7ons. Gr\u00e2ce \u00e0 ses efforts, la premi\u00e8re Squirette of Mary Circlette a \u00e9t\u00e9 cr\u00e9\u00e9e. L'organisation a un programme tr\u00e8s actif planifi\u00e9 par les membres sous la direction de leurs conseill\u00e8res.  \u00c0 l'heure actuelle, des cercles fonctionnent aux \u00c9tats-Unis, au Canada, aux Philippines et au Japon.<\/p>\n<p>Le cercle des Squirettes de Marie de la Visitation prend au s\u00e9rieux le mentorat des jeunes femmes - il n'y a rien de plus fort qu'un groupe de s\u0153urs !  Nous nous r\u00e9unissons pour planifier et mettre en \u0153uvre des activit\u00e9s caritatives dans notre r\u00e9gion, nous profitons d'\u00e9v\u00e9nements sociaux les unes avec les autres et nous agissons en tant que bras de soutien actif pour notre paroisse locale.<\/p>\n<p>PATRON - La patronne des \u00c9cureuils de Marie est Marie, M\u00e8re de Dieu.<\/p>\n<p>\u00a0OBJET - L'objet de l'organisation est le progr\u00e8s spirituel, moral et intellectuel de ses membres, la promotion de ce qu'il y a de meilleur, tant dans la vie de l'\u00e9glise que dans celle de la communaut\u00e9.<\/p>\n<p>CIRCLES - Les \u00c9cureuils sont compos\u00e9s de cercles, dont le mod\u00e8le est similaire \u00e0 celui des \u00c9cureuils colombiens. Chaque cercle est parrain\u00e9 par une organisation de femmes catholiques organis\u00e9e et exemplaire.<\/p>\n<p>FONCTIONNEMENT DE L'ORGANISATION - Nous sommes une organisation \u00ab pour les jeunes par les jeunes \u00bb.  Avec nos conseillers, nous choisissons, planifions et dirigeons nos activit\u00e9s caritatives, religieuses et sociales.  Les Squirettes \u00e9lisent leurs propres responsables.<\/p>\n<\/div>\n\n\n<hr class=\"wp-block-separator has-alpha-channel-opacity is-style-wide\" \/>\n\n\n\n<h4 class=\"wp-block-heading\"><span style=\"text-decoration: underline\">Les \u00e9cuyers de Colombie<\/span><\/h4>\n\n\n\n<h4 class=\"wp-block-heading\">Qui sommes-nous ?<\/h4>\n\n\n<div class=\"wp-block-image\">\n<figure class=\"alignleft is-resized\"><img data-recalc-dims=\"1\" loading=\"lazy\" decoding=\"async\" width=\"608\" height=\"608\" src=\"https:\/\/i0.wp.com\/eriestclairparishes.com\/wp-content\/uploads\/2018\/10\/squireslogo.png?resize=608%2C608&#038;ssl=1\" alt=\"squireslogo\" class=\"wp-image-739\" style=\"width:160px;height:auto\" \/><\/figure>\n<\/div>\n\n\n<p class=\"wp-block-paragraph\">Les Columbian Squires sont une fraternit\u00e9 internationale de jeunes g\u00e9r\u00e9e par les Chevaliers de Colomb pour les gar\u00e7ons catholiques \u00e2g\u00e9s de 10 \u00e0 18 ans.<\/p>\n\n\n\n<p class=\"wp-block-paragraph\">Comme l'a dit notre fondateur, le fr\u00e8re Barnab\u00e9, \u00ab le but supr\u00eame des \u00c9cuyers de Colombie est de forger le caract\u00e8re \u00bb.<\/p>\n\n\n\n<p class=\"wp-block-paragraph\">Les \u00c9cuyers s'amusent et partagent leur foi catholique, aident les personnes dans le besoin et appr\u00e9cient la compagnie de leurs amis dans le cadre d'activit\u00e9s sociales, familiales, sportives, culturelles, civiques et spirituelles. Par le biais de notre cercle local \u00e0 la paroisse de la Visitation, les \u00c9cuyers travaillent et socialisent en tant que groupe d'amis, \u00e9lisent leurs propres dirigeants et se d\u00e9veloppent en tant que leaders catholiques.<\/p>\n\n\n\n<p class=\"wp-block-paragraph\">Consultez le&nbsp;<a href=\"https:\/\/www.ontariosquires.com\/\">site web provincial.<\/a>&nbsp;Pour plus d'informations.<\/p>\n\n\n\n<hr class=\"wp-block-separator has-alpha-channel-opacity is-style-wide\" \/>\n\n\n\n<p class=\"wp-block-paragraph\"><\/p>","protected":false},"excerpt":{"rendered":"<p>Squirettes of Mary Who we are: The Squirettes of Mary is a Catholic Girls group for young ladies ages 11 -18. Our Circle is sponsored by our local CWL. The Squirette Program was founded by Father Michael Keane, Father Prior of the Immaculate Conception Circle of Columbian Squires in Colton, California. Father Keane felt that<a class=\"more-link\" href=\"https:\/\/eriestclairparishes.com\/francais\/youth-organizations\/\">Lire la suite <span class=\"screen-reader-text\">&#8220;Youth Organizations within our family of parishes&#8221;<\/span><\/a><\/p>","protected":false},"author":253314130,"featured_media":0,"parent":0,"menu_order":0,"comment_status":"closed","ping_status":"closed","template":"","meta":{"_coblocks_attr":"","_coblocks_dimensions":"","_coblocks_responsive_height":"","_coblocks_accordion_ie_support":"","_crdt_document":"","advanced_seo_description":"","jetpack_seo_html_title":"","jetpack_seo_noindex":false,"footnotes":""},"class_list":["post-5438","page","type-page","status-publish","hentry","entry"],"jetpack_likes_enabled":true,"jetpack_sharing_enabled":true,"jetpack_shortlink":"https:\/\/wp.me\/P4Kgvq-1pI","jetpack-related-posts":[],"_links":{"self":[{"href":"https:\/\/eriestclairparishes.com\/francais\/wp-json\/wp\/v2\/pages\/5438","targetHints":{"allow":["GET"]}}],"collection":[{"href":"https:\/\/eriestclairparishes.com\/francais\/wp-json\/wp\/v2\/pages"}],"about":[{"href":"https:\/\/eriestclairparishes.com\/francais\/wp-json\/wp\/v2\/types\/page"}],"author":[{"embeddable":true,"href":"https:\/\/eriestclairparishes.com\/francais\/wp-json\/wp\/v2\/users\/253314130"}],"replies":[{"embeddable":true,"href":"https:\/\/eriestclairparishes.com\/francais\/wp-json\/wp\/v2\/comments?post=5438"}],"version-history":[{"count":2,"href":"https:\/\/eriestclairparishes.com\/francais\/wp-json\/wp\/v2\/pages\/5438\/revisions"}],"predecessor-version":[{"id":5442,"href":"https:\/\/eriestclairparishes.com\/francais\/wp-json\/wp\/v2\/pages\/5438\/revisions\/5442"}],"wp:attachment":[{"href":"https:\/\/eriestclairparishes.com\/francais\/wp-json\/wp\/v2\/media?parent=5438"}],"curies":[{"name":"wp","href":"https:\/\/api.w.org\/{rel}","templated":true}]}}