{"id":5389,"date":"2024-07-30T12:17:41","date_gmt":"2024-07-30T16:17:41","guid":{"rendered":"https:\/\/eriestclairparishes.com\/?page_id=5389"},"modified":"2025-12-30T15:13:43","modified_gmt":"2025-12-30T20:13:43","slug":"marriage","status":"publish","type":"page","link":"https:\/\/eriestclairparishes.com\/francais\/marriage\/","title":{"rendered":"Se marier \u00e0 l'\u00c9glise catholique : votre guide"},"content":{"rendered":"<div class=\"wp-block-cover\" style=\"min-height:259px;aspect-ratio:unset;\"><img data-recalc-dims=\"1\" loading=\"lazy\" decoding=\"async\" width=\"750\" height=\"375\" class=\"wp-block-cover__image-background wp-image-8099\" alt=\"\" src=\"https:\/\/i0.wp.com\/eriestclairparishes.com\/wp-content\/uploads\/2025\/07\/Eriestclair-2-1.jpg?resize=750%2C375&#038;ssl=1\" data-object-fit=\"cover\" srcset=\"https:\/\/i0.wp.com\/eriestclairparishes.com\/wp-content\/uploads\/2025\/07\/Eriestclair-2-1.jpg?resize=1024%2C512&amp;ssl=1 1024w, https:\/\/i0.wp.com\/eriestclairparishes.com\/wp-content\/uploads\/2025\/07\/Eriestclair-2-1.jpg?resize=300%2C150&amp;ssl=1 300w, https:\/\/i0.wp.com\/eriestclairparishes.com\/wp-content\/uploads\/2025\/07\/Eriestclair-2-1.jpg?resize=768%2C384&amp;ssl=1 768w, https:\/\/i0.wp.com\/eriestclairparishes.com\/wp-content\/uploads\/2025\/07\/Eriestclair-2-1.jpg?resize=1536%2C768&amp;ssl=1 1536w, https:\/\/i0.wp.com\/eriestclairparishes.com\/wp-content\/uploads\/2025\/07\/Eriestclair-2-1.jpg?resize=2048%2C1024&amp;ssl=1 2048w, https:\/\/i0.wp.com\/eriestclairparishes.com\/wp-content\/uploads\/2025\/07\/Eriestclair-2-1.jpg?resize=18%2C9&amp;ssl=1 18w, https:\/\/i0.wp.com\/eriestclairparishes.com\/wp-content\/uploads\/2025\/07\/Eriestclair-2-1.jpg?resize=1200%2C600&amp;ssl=1 1200w, https:\/\/i0.wp.com\/eriestclairparishes.com\/wp-content\/uploads\/2025\/07\/Eriestclair-2-1.jpg?resize=1568%2C784&amp;ssl=1 1568w, https:\/\/i0.wp.com\/eriestclairparishes.com\/wp-content\/uploads\/2025\/07\/Eriestclair-2-1.jpg?w=2250&amp;ssl=1 2250w\" sizes=\"auto, (max-width: 750px) 100vw, 750px\" \/><span aria-hidden=\"true\" class=\"wp-block-cover__background has-background-dim\"><\/span><div class=\"wp-block-cover__inner-container is-layout-flow wp-block-cover-is-layout-flow\">\n<p class=\"has-text-align-center has-large-font-size wp-block-paragraph\"><em>\u00ab Ainsi, ils ne sont plus deux, mais une seule chair. Que l\u2019homme ne s\u00e9pare donc pas ce que Dieu a uni. \u00bb <\/em><br><em>\u2014 Matthieu 19,6<\/em><\/p>\n<\/div><\/div>\n\n\n\n<h2 class=\"wp-block-heading\"><\/h2>\n\n\n\n<hr class=\"wp-block-separator has-alpha-channel-opacity\"\/>\n\n\n\n<h3 class=\"wp-block-heading\">Le Mariage dans l\u2019\u00c9glise catholique<\/h3>\n\n\n\n<p class=\"wp-block-paragraph\">Marriage is a beautiful vocation, a sacred covenant between a man and a woman, lived in love, fidelity, and openness to life. It is more than a celebration, <strong>it is a sacrament<\/strong>, where Christ Himself becomes the foundation of your union.<\/p>\n\n\n\n<p class=\"wp-block-paragraph\">C\u2019est pour nous une joie de vous accompagner dans cette d\u00e9marche de foi.<\/p>\n\n\n\n<h3 class=\"wp-block-heading\"><\/h3>\n\n\n\n<hr class=\"wp-block-separator has-alpha-channel-opacity\"\/>\n\n\n\n<h3 class=\"wp-block-heading\">Pr\u00eats \u00e0 commencer ? <\/h3>\n\n\n\n<p class=\"wp-block-paragraph\">Veuillez contacter notre ministre pastoral, Jamie Soulliere, pour entamer votre cheminement vers le sacrement du mariage. Il sera heureux de vous accueillir, de r\u00e9pondre \u00e0 vos questions et de fixer les prochaines \u00e9tapes. <\/p>\n\n\n\n<p class=\"wp-block-paragraph\"><strong>(519) 687-3118<\/strong><br><a href=\"mailto:jsoulliere@dol.ca\" data-type=\"page\" data-id=\"7702\"> Email Jamie Soulliere <\/a><br>La pr\u00e9paration au mariage doit commencer au moins 6 mois avant la date pr\u00e9vue.<\/p>\n\n\n\n<hr class=\"wp-block-separator has-alpha-channel-opacity\"\/>\n\n\n\n<h3 class=\"wp-block-heading\">\u00c0 quoi s\u2019attendre<\/h3>\n\n\n\n<p class=\"wp-block-paragraph\">Les couples se pr\u00e9parant au mariage dans notre famille paroissiale devront :<\/p>\n\n\n\n<ul class=\"wp-block-list\">\n<li>Rencontrer le pr\u00eatre ou le ministre pastoral<\/li>\n\n\n\n<li>Participer \u00e0 un cours de pr\u00e9paration au mariage (ex. : cours Pr\u00e9cana)<\/li>\n\n\n\n<li>Fournir les documents requis (certificat de bapt\u00eame, attestation de libert\u00e9, etc.)<\/li>\n\n\n\n<li>C\u00e9l\u00e9brer le sacrement dans l\u2019une de nos \u00e9glises paroissiales<\/li>\n<\/ul>\n\n\n\n<hr class=\"wp-block-separator has-alpha-channel-opacity\"\/>\n\n\n\n<h3 class=\"wp-block-heading\">B\u00e9n\u00e9dictions pour votre cheminement<\/h3>\n\n\n\n<p class=\"wp-block-paragraph\">Whether you are newly engaged, discerning next steps, or returning to the Church, <strong>we welcome you with joy<\/strong>. Let your love be rooted in Christ, and your marriage be a sign of His faithful, life-giving love to the world.<\/p>\n\n\n\n<hr class=\"wp-block-separator has-alpha-channel-opacity\"\/>\n\n\n\n<p class=\"wp-block-paragraph\"><\/p>\n\n\n\n<p class=\"has-text-align-center wp-block-paragraph\"><\/p>\n\n\n\n<p class=\"wp-block-paragraph\"><\/p>","protected":false},"excerpt":{"rendered":"<p>Getting Married in the Catholic Church Marriage is a beautiful vocation, a sacred covenant between a man and a woman, lived in love, fidelity, and openness to life. It is more than a celebration, it is a sacrament, where Christ Himself becomes the foundation of your union. We would be honoured to walk with you<a class=\"more-link\" href=\"https:\/\/eriestclairparishes.com\/francais\/marriage\/\">Lire la suite <span class=\"screen-reader-text\">&#8220;Getting Married in the Catholic Church: Your Guide&#8221;<\/span><\/a><\/p>","protected":false},"author":253314130,"featured_media":0,"parent":0,"menu_order":0,"comment_status":"closed","ping_status":"closed","template":"","meta":{"_coblocks_attr":"","_coblocks_dimensions":"","_coblocks_responsive_height":"","_coblocks_accordion_ie_support":"","_crdt_document":"","advanced_seo_description":"","jetpack_seo_html_title":"","jetpack_seo_noindex":false,"footnotes":""},"class_list":["post-5389","page","type-page","status-publish","hentry","entry"],"jetpack_likes_enabled":true,"jetpack_sharing_enabled":true,"jetpack_shortlink":"https:\/\/wp.me\/P4Kgvq-1oV","jetpack-related-posts":[],"_links":{"self":[{"href":"https:\/\/eriestclairparishes.com\/francais\/wp-json\/wp\/v2\/pages\/5389","targetHints":{"allow":["GET"]}}],"collection":[{"href":"https:\/\/eriestclairparishes.com\/francais\/wp-json\/wp\/v2\/pages"}],"about":[{"href":"https:\/\/eriestclairparishes.com\/francais\/wp-json\/wp\/v2\/types\/page"}],"author":[{"embeddable":true,"href":"https:\/\/eriestclairparishes.com\/francais\/wp-json\/wp\/v2\/users\/253314130"}],"replies":[{"embeddable":true,"href":"https:\/\/eriestclairparishes.com\/francais\/wp-json\/wp\/v2\/comments?post=5389"}],"version-history":[{"count":10,"href":"https:\/\/eriestclairparishes.com\/francais\/wp-json\/wp\/v2\/pages\/5389\/revisions"}],"predecessor-version":[{"id":8902,"href":"https:\/\/eriestclairparishes.com\/francais\/wp-json\/wp\/v2\/pages\/5389\/revisions\/8902"}],"wp:attachment":[{"href":"https:\/\/eriestclairparishes.com\/francais\/wp-json\/wp\/v2\/media?parent=5389"}],"curies":[{"name":"wp","href":"https:\/\/api.w.org\/{rel}","templated":true}]}}