{"id":5329,"date":"2024-07-30T12:06:28","date_gmt":"2024-07-30T16:06:28","guid":{"rendered":"https:\/\/eriestclairparishes.com\/?page_id=5329"},"modified":"2025-07-29T09:55:52","modified_gmt":"2025-07-29T13:55:52","slug":"sacramental-prep","status":"publish","type":"page","link":"https:\/\/eriestclairparishes.com\/francais\/sacramental-prep\/","title":{"rendered":"Pr\u00e9paration sacramentelle"},"content":{"rendered":"<div class=\"wp-block-columns are-vertically-aligned-center is-layout-flex wp-container-core-columns-is-layout-7387b849 wp-block-columns-is-layout-flex\">\n<div class=\"wp-block-column is-vertically-aligned-center is-layout-flow wp-block-column-is-layout-flow\" style=\"flex-basis:100%\">\n<div class=\"wp-block-group is-layout-grid wp-container-core-group-is-layout-5a23bf8e wp-block-group-is-layout-grid\">\n<figure class=\"wp-block-image size-large is-resized wp-container-content-69bc4bdf\"><a href=\"https:\/\/eriestclairparishes.com\/francais\/baptism-2\/\"><img data-recalc-dims=\"1\" loading=\"lazy\" decoding=\"async\" width=\"750\" height=\"751\" src=\"https:\/\/i0.wp.com\/eriestclairparishes.com\/wp-content\/uploads\/2024\/07\/the-dew-the-priest-christening-38999-edited.jpeg?resize=750%2C751&#038;ssl=1\" alt=\"\" class=\"wp-image-5349\" style=\"aspect-ratio:0.9992393610632931;width:187px;height:auto\"\/><\/a><figcaption class=\"wp-element-caption\">Bapt\u00eame<\/figcaption><\/figure>\n\n\n\n<figure class=\"wp-block-image size-large is-resized wp-container-content-69bc4bdf\"><a href=\"https:\/\/eriestclairparishes.com\/francais\/1st-reconciliation-1st-communion\/\"><img data-recalc-dims=\"1\" loading=\"lazy\" decoding=\"async\" width=\"750\" height=\"751\" src=\"https:\/\/i0.wp.com\/eriestclairparishes.com\/wp-content\/uploads\/2024\/07\/pexels-photo-7219516-edited.jpeg?resize=750%2C751&#038;ssl=1\" alt=\"\" class=\"wp-image-5350\" style=\"aspect-ratio:0.9992193598750976;width:189px;height:auto\"\/><\/a><figcaption class=\"wp-element-caption\">1\u00e8re r\u00e9conciliation et 1\u00e8re communion<\/figcaption><\/figure>\n\n\n\n<figure class=\"wp-block-image size-large is-resized\"><a href=\"https:\/\/eriestclairparishes.com\/francais\/confession\/\"><img data-recalc-dims=\"1\" loading=\"lazy\" decoding=\"async\" width=\"750\" height=\"750\" src=\"https:\/\/i0.wp.com\/eriestclairparishes.com\/wp-content\/uploads\/2024\/08\/pexels-photo-7219518-edited.jpeg?resize=750%2C750&#038;ssl=1\" alt=\"\" class=\"wp-image-5700\" style=\"width:192px;height:auto\"\/><\/a><figcaption class=\"wp-element-caption\">Confession<\/figcaption><\/figure>\n\n\n\n<figure class=\"wp-block-image size-large is-resized\"><a href=\"https:\/\/eriestclairparishes.com\/francais\/confirmation-2\/\"><img data-recalc-dims=\"1\" loading=\"lazy\" decoding=\"async\" width=\"750\" height=\"751\" src=\"https:\/\/i0.wp.com\/eriestclairparishes.com\/wp-content\/uploads\/2024\/08\/pexels-photo-10253621-edited.jpeg?resize=750%2C751&#038;ssl=1\" alt=\"\" class=\"wp-image-5709\" style=\"aspect-ratio:0.9992193598750976;width:193px;height:auto\"\/><\/a><figcaption class=\"wp-element-caption\">Confirmation<\/figcaption><\/figure>\n\n\n\n<figure class=\"wp-block-image size-large is-resized\"><a href=\"https:\/\/eriestclairparishes.com\/francais\/marriage\/\"><img data-recalc-dims=\"1\" loading=\"lazy\" decoding=\"async\" width=\"750\" height=\"751\" src=\"https:\/\/i0.wp.com\/eriestclairparishes.com\/wp-content\/uploads\/2024\/08\/pexels-photo-56926-edited.jpeg?resize=750%2C751&#038;ssl=1\" alt=\"\" class=\"wp-image-5696\" style=\"aspect-ratio:0.9984518280338216;width:194px;height:auto\"\/><\/a><figcaption class=\"wp-element-caption\">Marriage<\/figcaption><\/figure>\n\n\n\n<figure class=\"wp-block-image size-large is-resized\"><a href=\"https:\/\/eriestclairparishes.com\/francais\/anointing-of-the-sick\/\"><img data-recalc-dims=\"1\" loading=\"lazy\" decoding=\"async\" width=\"750\" height=\"751\" src=\"https:\/\/i0.wp.com\/eriestclairparishes.com\/wp-content\/uploads\/2024\/07\/pexels-photo-3845126-edited.jpeg?resize=750%2C751&#038;ssl=1\" alt=\"\" class=\"wp-image-5487\" style=\"aspect-ratio:0.9992193598750976;width:191px;height:auto\"\/><\/a><figcaption class=\"wp-element-caption\">Onction des malades<\/figcaption><\/figure>\n\n\n\n<figure class=\"wp-block-image size-full is-resized has-lightbox\"><a href=\"https:\/\/eriestclairparishes.com\/francais\/catholic-funeral\/\"><img data-recalc-dims=\"1\" loading=\"lazy\" decoding=\"async\" width=\"750\" height=\"750\" src=\"https:\/\/i0.wp.com\/eriestclairparishes.com\/wp-content\/uploads\/2025\/07\/pexels-photo-7317916-1-edited.jpeg?resize=750%2C750&#038;ssl=1\" alt=\"a person holding a wooden coffin\" class=\"wp-image-8058\" style=\"width:194px;height:auto\" srcset=\"https:\/\/i0.wp.com\/eriestclairparishes.com\/wp-content\/uploads\/2025\/07\/pexels-photo-7317916-1-edited.jpeg?w=1255&amp;ssl=1 1255w, https:\/\/i0.wp.com\/eriestclairparishes.com\/wp-content\/uploads\/2025\/07\/pexels-photo-7317916-1-edited.jpeg?resize=300%2C300&amp;ssl=1 300w, https:\/\/i0.wp.com\/eriestclairparishes.com\/wp-content\/uploads\/2025\/07\/pexels-photo-7317916-1-edited.jpeg?resize=1024%2C1024&amp;ssl=1 1024w, https:\/\/i0.wp.com\/eriestclairparishes.com\/wp-content\/uploads\/2025\/07\/pexels-photo-7317916-1-edited.jpeg?resize=150%2C150&amp;ssl=1 150w, https:\/\/i0.wp.com\/eriestclairparishes.com\/wp-content\/uploads\/2025\/07\/pexels-photo-7317916-1-edited.jpeg?resize=768%2C768&amp;ssl=1 768w, https:\/\/i0.wp.com\/eriestclairparishes.com\/wp-content\/uploads\/2025\/07\/pexels-photo-7317916-1-edited.jpeg?resize=12%2C12&amp;ssl=1 12w, https:\/\/i0.wp.com\/eriestclairparishes.com\/wp-content\/uploads\/2025\/07\/pexels-photo-7317916-1-edited.jpeg?resize=1200%2C1200&amp;ssl=1 1200w, https:\/\/i0.wp.com\/eriestclairparishes.com\/wp-content\/uploads\/2025\/07\/pexels-photo-7317916-1-edited.jpeg?resize=800%2C800&amp;ssl=1 800w, https:\/\/i0.wp.com\/eriestclairparishes.com\/wp-content\/uploads\/2025\/07\/pexels-photo-7317916-1-edited.jpeg?resize=600%2C600&amp;ssl=1 600w, https:\/\/i0.wp.com\/eriestclairparishes.com\/wp-content\/uploads\/2025\/07\/pexels-photo-7317916-1-edited.jpeg?resize=400%2C400&amp;ssl=1 400w, https:\/\/i0.wp.com\/eriestclairparishes.com\/wp-content\/uploads\/2025\/07\/pexels-photo-7317916-1-edited.jpeg?resize=200%2C200&amp;ssl=1 200w\" sizes=\"auto, (max-width: 750px) 100vw, 750px\" \/><\/a><figcaption class=\"wp-element-caption\">Fun\u00e9railles<\/figcaption><\/figure>\n\n\n\n<figure class=\"wp-block-image size-large is-resized\"><a href=\"https:\/\/eriestclairparishes.com\/francais\/rcia\/\"><img data-recalc-dims=\"1\" loading=\"lazy\" decoding=\"async\" width=\"750\" height=\"751\" src=\"https:\/\/i0.wp.com\/eriestclairparishes.com\/wp-content\/uploads\/2024\/08\/screenshot-2024-08-07-at-2.40.56e280afpm-edited.png?resize=750%2C751&#038;ssl=1\" alt=\"\" class=\"wp-image-5697\" style=\"aspect-ratio:0.9992993694324892;width:193px;height:auto\"\/><\/a><figcaption class=\"wp-element-caption\">OCIA<\/figcaption><\/figure>\n<\/div>\n<\/div>\n<\/div>\n\n\n\n<p class=\"wp-block-paragraph\"><br><\/p>\n\n\n\n<p class=\"has-text-align-center wp-block-paragraph\">Cliquez sur l'image pour obtenir l'information souhait\u00e9e. <\/p>","protected":false},"excerpt":{"rendered":"<p>Cliquez sur l'image pour obtenir l'information souhait\u00e9e.<\/p>","protected":false},"author":253314130,"featured_media":0,"parent":0,"menu_order":0,"comment_status":"closed","ping_status":"closed","template":"","meta":{"_coblocks_attr":"","_coblocks_dimensions":"","_coblocks_responsive_height":"","_coblocks_accordion_ie_support":"","_crdt_document":"","advanced_seo_description":"","jetpack_seo_html_title":"","jetpack_seo_noindex":false,"footnotes":""},"class_list":["post-5329","page","type-page","status-publish","hentry","entry"],"jetpack_likes_enabled":true,"jetpack_sharing_enabled":true,"jetpack_shortlink":"https:\/\/wp.me\/P4Kgvq-1nX","jetpack-related-posts":[],"_links":{"self":[{"href":"https:\/\/eriestclairparishes.com\/francais\/wp-json\/wp\/v2\/pages\/5329","targetHints":{"allow":["GET"]}}],"collection":[{"href":"https:\/\/eriestclairparishes.com\/francais\/wp-json\/wp\/v2\/pages"}],"about":[{"href":"https:\/\/eriestclairparishes.com\/francais\/wp-json\/wp\/v2\/types\/page"}],"author":[{"embeddable":true,"href":"https:\/\/eriestclairparishes.com\/francais\/wp-json\/wp\/v2\/users\/253314130"}],"replies":[{"embeddable":true,"href":"https:\/\/eriestclairparishes.com\/francais\/wp-json\/wp\/v2\/comments?post=5329"}],"version-history":[{"count":27,"href":"https:\/\/eriestclairparishes.com\/francais\/wp-json\/wp\/v2\/pages\/5329\/revisions"}],"predecessor-version":[{"id":8939,"href":"https:\/\/eriestclairparishes.com\/francais\/wp-json\/wp\/v2\/pages\/5329\/revisions\/8939"}],"wp:attachment":[{"href":"https:\/\/eriestclairparishes.com\/francais\/wp-json\/wp\/v2\/media?parent=5329"}],"curies":[{"name":"wp","href":"https:\/\/api.w.org\/{rel}","templated":true}]}}